{"id":2486,"date":"2023-07-19T22:24:26","date_gmt":"2023-07-20T02:24:26","guid":{"rendered":"https:\/\/thepetigrureview.com\/?page_id=2486"},"modified":"2023-07-19T22:24:26","modified_gmt":"2023-07-20T02:24:26","slug":"questions-like-this","status":"publish","type":"page","link":"https:\/\/thepetigrureview.com\/?page_id=2486","title":{"rendered":"Questions Like This"},"content":{"rendered":"\n<div class=\"wp-block-group alignfull has-white-color has-text-color has-background has-global-padding is-layout-constrained wp-container-core-group-is-layout-6ebfa08f wp-block-group-is-layout-constrained\" style=\"background-color:#32434d;padding-top:100px;padding-right:100px;padding-bottom:100px;padding-left:100px\">\n<div class=\"wp-block-columns alignwide is-layout-flex wp-container-core-columns-is-layout-28f84493 wp-block-columns-is-layout-flex\">\n<div class=\"wp-block-column is-layout-flow wp-block-column-is-layout-flow\" style=\"flex-basis:33.33%\">\n<h2 class=\"wp-block-heading has-background-color has-text-color\" style=\"margin-top:0px;font-size:clamp(17.905px, 1.119rem + ((1vw - 3.2px) * 0.99), 28px);line-height:1.3\">Paul Davis<\/h2>\n<\/div>\n\n\n\n<div class=\"wp-block-column is-layout-flow wp-block-column-is-layout-flow\" style=\"flex-basis:66.66%\">\n<figure class=\"wp-block-image size-large\"><img fetchpriority=\"high\" decoding=\"async\" width=\"1400\" height=\"1044\" src=\"https:\/\/thepetigrureview.com\/wp-content\/uploads\/2023\/07\/paul.jpeg?w=1024\" alt=\"\" class=\"wp-image-2745\" srcset=\"https:\/\/thepetigrureview.com\/wp-content\/uploads\/2023\/07\/paul.jpeg 1400w, https:\/\/thepetigrureview.com\/wp-content\/uploads\/2023\/07\/paul-300x224.jpeg 300w, https:\/\/thepetigrureview.com\/wp-content\/uploads\/2023\/07\/paul-1024x764.jpeg 1024w, https:\/\/thepetigrureview.com\/wp-content\/uploads\/2023\/07\/paul-768x573.jpeg 768w\" sizes=\"(max-width: 1400px) 100vw, 1400px\" \/><\/figure>\n<\/div>\n<\/div>\n\n\n\n<div class=\"wp-block-columns alignwide is-layout-flex wp-container-core-columns-is-layout-28f84493 wp-block-columns-is-layout-flex\">\n<div class=\"wp-block-column is-layout-flow wp-block-column-is-layout-flow\" style=\"flex-basis:33.33%\">\n<p><\/p>\n\n\n\n<h2 class=\"wp-block-heading has-small-font-size\"><strong>Issue 16<\/strong><\/h2>\n\n\n\n<p class=\"has-small-font-size\">Flash Nonfiction<\/p>\n<\/div>\n\n\n\n<div class=\"wp-block-column is-layout-flow wp-block-column-is-layout-flow\" style=\"flex-basis:66.66%\">\n<p> <\/p>\n\n\n\n<p>Mom folded laundry on the top of a dryer in our white ranch house in town. From the window, I could see the yellow lemon tree she\u2019d planted in the front yard years ago.<\/p>\n\n\n\n<p>\u201cDo you want to be a politician or a businessman?\u201d she said.<\/p>\n\n\n\n<p>She was always asking questions like this: \u201cWould you rather be tall and dumb or short and smart?\u201d&nbsp; Or \u201cWhat is the meaning of life? Is there one meaning for all, or does it depend on the person?\u201d<\/p>\n\n\n\n<p>\u201cPoliticians have a lot of friends,\u201d she said, placing a stack of towels in a plastic basket. \u201cThey can change things. But business owners have money. It\u2019s not true what they say about money. It <em>can<\/em> buy happiness.\u201d<\/p>\n\n\n\n<p>We were neither rich nor powerful. My father worked as a grove foreman, overseeing gangs of migrant workers who pulled oranges from trees outside of town. On holidays, the crew boss\u2014a man with black shiny hair and impossibly clean fingernails\u2014brought my father tamales wrapped in aluminum foil. My father waited until the man started his truck before he threw the food in the trash.&nbsp; Over the years, my father had learned several Spanish words and phrases. <em>Si,<\/em> he said loudly. <em>Puedes hablar m\u00e1s despacio? C\u00f3mo est\u00e1s?<\/em><\/p>\n\n\n\n<p>On weekends he golfed or fished for mackerel in the blue-green waters of the gulf. Sometimes he roped calves in dusty Florida rodeos. Middle-class poor, he lusted after new things: a Jack Nicholas putter, a roping horse raised in Texas, a power boat with a hulking black Evinrude motor. If the rest of the family wanted to join him on his weekend outings, he said fine, just don\u2019t get in the way.<\/p>\n\n\n\n<p>On weekdays my mother slept late. My pre-school meals featured Wonder Bread toast and Frosted Flakes. In the summers, she worked on 1,000-piece jigsaw puzzles or planted flowers in her backyard garden. She had a small bookcase in her bedroom, which contained the family Bible, a handful of Frank Yerby novels, and a paperback about the death of Marilyn Monroe.<\/p>\n\n\n\n<p>\u201cThey say she was murdered,\u201d my mother said. \u201cThe Kennedys may have killed her. Or the mob.\u201d She shook her head. My mother was beautiful, too, with long, tanned legs and curly brown hair. \u201cPoor girl. She never had a chance.\u201d<\/p>\n\n\n\n<p>Politics? Business? In 1971, I wanted only one thing: to escape the jungles of Vietnam. I was an 18-year-old high school senior with a low U.S. draft number. I kept a folded map of the U.S. and Canada in the glove compartment of my beat-up Chevy Nova.<\/p>\n\n\n\n<p>The older boys I knew had already come back from the war. They kept guns under their pillows or laughed too loud at bad jokes. JoJo Barwick lived a block over from me. A Viet Cong threw a grenade into his helicopter as he flew into a hot zone. JoJo grabbed it, cocked his pitching arm back, and hurled it. It exploded near his face and tore a piece of his scalp away. You could see the bare spot where an Army doctor stuck a metal plate in his skull. When planes flew over his house, he crawled under his bed.<\/p>\n\n\n\n<p>I dated a red-headed girl whose brother went to Vietnam. His name was Robert. After I dated his sister a few times, he pulled me aside and said, \u201cDon\u2019t hurt her. She\u2019s crazy about you. If you hurt her, I\u2019ll come after you.\u201d He told me that he and the other soldiers pissed on the bodies of dead Vietnam fighters. Once, they captured a Vietnamese woman who stabbed someone in the troop with a knife. Some of the men in his unit wanted to shove a grenade launcher between her legs and fire it. He never finished the story. A few months after I stopped dating his sister, Robert tried to kill himself with a rifle. He put the barrel against his neck and tried to pull the trigger with his big toe, but his grip shifted at the last minute. The bullet missed his brain but severed a nerve, and he lost the use of his legs. After a few months, he got a motorized wheelchair, which he drove like a race car on a state road near his trailer.<\/p>\n\n\n\n<p>My greatest fear was being maimed. The Viet Cong threw bear traps in pits and covered the openings with branches and grass. They crafted punji sticks, too\u2014sharp, fire-hardened bamboo sticks hidden in holes. If a U.S. soldier stepped on the trap, a bamboo spear would be driven through his foot. At night, I dreamed of blood and tripwires. I froze, my right leg in midair. Which way?<\/p>\n\n\n\n<p>The government never called my number. President Nixon started bringing U.S. soldiers home in the wake of anti-war protests.<\/p>\n\n\n\n<p>Of course, there were some dark moments that year, the year of questions. The Weather Underground exploded a bomb in the men&#8217;s room in the White House. The Knapp Commission investigated police corruption in New York City. My parents broke up.<\/p>\n\n\n\n<p>But mostly, the world returned to normal. Intel released the world&#8217;s first commercial microprocessor. Disney World built Cinderella&#8217;s Castle on swamp and pastureland in Florida. And workers in New York finished the World Trade Center&#8217;s south tower&#8211;the second tallest building in the world.<\/p>\n\n\n\n<p>My mother\u2019s question faded. Richard Nixon? Lee Iacocca? Like I could run a country or a corporation.<\/p>\n\n\n\n<p>That summer, I got a job on a construction crew. I used a sledgehammer to knock down old homes to make room for new ones. Two weeks in, I stepped on a nail that went through my boot.<\/p>\n<\/div>\n<\/div>\n<\/div>\n\n\n\n<div class=\"wp-block-columns alignwide is-layout-flex wp-container-core-columns-is-layout-28f84493 wp-block-columns-is-layout-flex\">\n<div class=\"wp-block-column is-layout-flow wp-block-column-is-layout-flow\" style=\"flex-basis:100%\">\n<details class=\"wp-block-details is-layout-flow wp-block-details-is-layout-flow\"><summary><strong>Paul Davis <\/strong>is a prize-winning journalist and Brown University graduate. As a freelance writer and reporter, he has written for large and small newspapers, from the Tampa Tribune to The New York Times. At the Providence Journal, he chaired the newspaper\u2019s in-house writing committee. The Journal submitted his series on the Rhode Island-South Carolina slave trade for a Pulitzer Prize. He helped launch the Historical Writers of America before joining the SCWA board. He lives in Aiken, where he works as a book coach and freelance writer. He is a 2021 Porter Fleming Literary Competition winner for nonfiction.<\/summary>\n<p><\/p>\n<\/details>\n<\/div>\n<\/div>\n\n\n\n<div style=\"height:100px\" aria-hidden=\"true\" class=\"wp-block-spacer\"><\/div>\n\n\n\n<figure class=\"wp-block-gallery has-nested-images columns-default is-cropped wp-block-gallery-1 is-layout-flex wp-block-gallery-is-layout-flex\">\n<figure class=\"wp-block-image size-large is-style-rounded\"><a href=\"https:\/\/thepetigrureview.com\/ode-to-the-creases-in-my-pants-murray\/\" target=\"_blank\" rel=\" noreferrer noopener\"><img decoding=\"async\" width=\"521\" height=\"676\" data-id=\"2212\" src=\"https:\/\/thepetigrureview.com\/wp-content\/uploads\/2023\/07\/tpr11.jpeg?w=521\" alt=\"\" class=\"wp-image-2212\" srcset=\"https:\/\/thepetigrureview.com\/wp-content\/uploads\/2023\/07\/tpr11.jpeg 521w, https:\/\/thepetigrureview.com\/wp-content\/uploads\/2023\/07\/tpr11-231x300.jpeg 231w\" sizes=\"(max-width: 521px) 100vw, 521px\" \/><\/a><figcaption class=\"wp-element-caption\">Read &#8220;<a href=\"https:\/\/thepetigrureview.com\/ode-to-the-creases-in-my-pants-murray\/\" target=\"_blank\" rel=\"noreferrer noopener\">Ode to the Creases<\/a>&#8220;<\/figcaption><\/figure>\n\n\n\n<figure class=\"wp-block-image size-large is-style-rounded\"><img decoding=\"async\" width=\"518\" height=\"679\" data-id=\"2201\" src=\"https:\/\/thepetigrureview.com\/wp-content\/uploads\/2023\/07\/tpr-28.jpeg?w=518\" alt=\"\" class=\"wp-image-2201\" srcset=\"https:\/\/thepetigrureview.com\/wp-content\/uploads\/2023\/07\/tpr-28.jpeg 518w, https:\/\/thepetigrureview.com\/wp-content\/uploads\/2023\/07\/tpr-28-229x300.jpeg 229w\" sizes=\"(max-width: 518px) 100vw, 518px\" \/><figcaption class=\"wp-element-caption\">Read &#8220;<a href=\"https:\/\/thepetigrureview.com\/lottie\/\" target=\"_blank\" rel=\"noreferrer noopener\">Lottie<\/a>&#8220;<\/figcaption><\/figure>\n\n\n\n<figure class=\"wp-block-image size-large is-style-rounded\"><a href=\"https:\/\/thepetigrureview.com\/seven-hour-layover\/\" target=\"_blank\" rel=\" noreferrer noopener\"><img loading=\"lazy\" decoding=\"async\" width=\"649\" height=\"512\" data-id=\"2217\" src=\"https:\/\/thepetigrureview.com\/wp-content\/uploads\/2023\/07\/tpr16.jpeg?w=649\" alt=\"\" class=\"wp-image-2217\" srcset=\"https:\/\/thepetigrureview.com\/wp-content\/uploads\/2023\/07\/tpr16.jpeg 649w, https:\/\/thepetigrureview.com\/wp-content\/uploads\/2023\/07\/tpr16-300x237.jpeg 300w\" sizes=\"(max-width: 649px) 100vw, 649px\" \/><\/a><figcaption class=\"wp-element-caption\">Read &#8220;<a href=\"https:\/\/thepetigrureview.com\/seven-hour-layover\/\" target=\"_blank\" rel=\"noreferrer noopener\">Seven Hour Layover<\/a>&#8220;<\/figcaption><\/figure>\n<\/figure>\n\n\n\n<div style=\"height:100px\" aria-hidden=\"true\" class=\"wp-block-spacer\"><\/div>\n","protected":false},"excerpt":{"rendered":"<p>Paul Davis Issue 16 Flash Nonfiction Mom folded laundry on the top of a dryer in our white ranch house in town. From the window, I could see the yellow lemon tree she\u2019d planted in the front yard years ago. \u201cDo you want to be a politician or a businessman?\u201d she said. She was always asking questions like this: \u201cWould you rather be tall and dumb or short and smart?\u201d&nbsp; Or \u201cWhat is the meaning of life? Is there one meaning for all, or does it depend on the person?\u201d \u201cPoliticians have a lot of friends,\u201d she said, placing a stack of towels in a plastic basket. \u201cThey can change things. But business owners have money. It\u2019s not true what they say about money. It can buy happiness.\u201d We were neither rich nor powerful. My father worked as a grove foreman, overseeing gangs of migrant workers who pulled oranges from trees outside of town. On holidays, the crew boss\u2014a man with black shiny hair and impossibly clean fingernails\u2014brought my father tamales wrapped in aluminum foil. My father waited until the man started his truck before he threw the food in the trash.&nbsp; Over the years, my father had learned several Spanish words and phrases. Si, he said loudly. Puedes hablar m\u00e1s despacio? C\u00f3mo est\u00e1s? On weekends he golfed or fished for mackerel in the blue-green waters of the gulf. Sometimes he roped calves in dusty Florida rodeos. Middle-class poor, he lusted after new things: a Jack Nicholas putter, a roping horse raised in Texas, a power boat with a hulking black Evinrude motor. If the rest of the family wanted to join him on his weekend outings, he said fine, just don\u2019t get in the way. On weekdays my mother slept late. My pre-school meals featured Wonder Bread toast and Frosted Flakes. In the summers, she worked on 1,000-piece jigsaw puzzles or planted flowers in her backyard garden. She had a small bookcase in her bedroom, which contained the family Bible, a handful of Frank Yerby novels, and a paperback about the death of Marilyn Monroe. \u201cThey say she was murdered,\u201d my mother said. \u201cThe Kennedys may have killed her. Or the mob.\u201d She shook her head. My mother was beautiful, too, with long, tanned legs and curly brown hair. \u201cPoor girl. She never had a chance.\u201d Politics? Business? In 1971, I wanted only one thing: to escape the jungles of Vietnam. I was an 18-year-old high school senior with a low U.S. draft number. I kept a folded map of the U.S. and Canada in the glove compartment of my beat-up Chevy Nova. The older boys I knew had already come back from the war. They kept guns under their pillows or laughed too loud at bad jokes. JoJo Barwick lived a block over from me. A Viet Cong threw a grenade into his helicopter as he flew into a hot zone. JoJo grabbed it, cocked his pitching arm back, and hurled it. It exploded near his face and tore a piece of his scalp away. You could see the bare spot where an Army doctor stuck a metal plate in his skull. When planes flew over his house, he crawled under his bed. I dated a red-headed girl whose brother went to Vietnam. His name was Robert. After I dated his sister a few times, he pulled me aside and said, \u201cDon\u2019t hurt her. She\u2019s crazy about you. If you hurt her, I\u2019ll come after you.\u201d He told me that he and the other soldiers pissed on the bodies of dead Vietnam fighters. Once, they captured a Vietnamese woman who stabbed someone in the troop with a knife. Some of the men in his unit wanted to shove a grenade launcher between her legs and fire it. He never finished the story. A few months after I stopped dating his sister, Robert tried to kill himself with a rifle. He put the barrel against his neck and tried to pull the trigger with his big toe, but his grip shifted at the last minute. The bullet missed his brain but severed a nerve, and he lost the use of his legs. After a few months, he got a motorized wheelchair, which he drove like a race car on a state road near his trailer. My greatest fear was being maimed. The Viet Cong threw bear traps in pits and covered the openings with branches and grass. They crafted punji sticks, too\u2014sharp, fire-hardened bamboo sticks hidden in holes. If a U.S. soldier stepped on the trap, a bamboo spear would be driven through his foot. At night, I dreamed of blood and tripwires. I froze, my right leg in midair. Which way? The government never called my number. President Nixon started bringing U.S. soldiers home in the wake of anti-war protests. Of course, there were some dark moments that year, the year of questions. The Weather Underground exploded a bomb in the men&#8217;s room in the White House. The Knapp Commission investigated police corruption in New York City. My parents broke up. But mostly, the world returned to normal. Intel released the world&#8217;s first commercial microprocessor. Disney World built Cinderella&#8217;s Castle on swamp and pastureland in Florida. And workers in New York finished the World Trade Center&#8217;s south tower&#8211;the second tallest building in the world. My mother\u2019s question faded. Richard Nixon? Lee Iacocca? Like I could run a country or a corporation. That summer, I got a job on a construction crew. I used a sledgehammer to knock down old homes to make room for new ones. Two weeks in, I stepped on a nail that went through my boot.<\/p>\n","protected":false},"author":1,"featured_media":0,"parent":0,"menu_order":0,"comment_status":"closed","ping_status":"closed","template":"","meta":{"om_disable_all_campaigns":false,"_monsterinsights_skip_tracking":false,"_monsterinsights_sitenote_active":false,"_monsterinsights_sitenote_note":"","_monsterinsights_sitenote_category":0,"footnotes":""},"class_list":["post-2486","page","type-page","status-publish","hentry"],"aioseo_notices":[],"_links":{"self":[{"href":"https:\/\/thepetigrureview.com\/index.php?rest_route=\/wp\/v2\/pages\/2486","targetHints":{"allow":["GET"]}}],"collection":[{"href":"https:\/\/thepetigrureview.com\/index.php?rest_route=\/wp\/v2\/pages"}],"about":[{"href":"https:\/\/thepetigrureview.com\/index.php?rest_route=\/wp\/v2\/types\/page"}],"author":[{"embeddable":true,"href":"https:\/\/thepetigrureview.com\/index.php?rest_route=\/wp\/v2\/users\/1"}],"replies":[{"embeddable":true,"href":"https:\/\/thepetigrureview.com\/index.php?rest_route=%2Fwp%2Fv2%2Fcomments&post=2486"}],"version-history":[{"count":0,"href":"https:\/\/thepetigrureview.com\/index.php?rest_route=\/wp\/v2\/pages\/2486\/revisions"}],"wp:attachment":[{"href":"https:\/\/thepetigrureview.com\/index.php?rest_route=%2Fwp%2Fv2%2Fmedia&parent=2486"}],"curies":[{"name":"wp","href":"https:\/\/api.w.org\/{rel}","templated":true}]}}